{"id":9,"date":"2025-02-06T15:19:24","date_gmt":"2025-02-06T15:19:24","guid":{"rendered":"https:\/\/asalp1984.com\/home-2\/"},"modified":"2026-02-18T14:48:08","modified_gmt":"2026-02-18T14:48:08","slug":"accueil","status":"publish","type":"page","link":"https:\/\/asalp1984.com\/","title":{"rendered":"Accueil"},"content":{"rendered":"<h5>A PROPOS DE NOUS<\/h5>\n<h2>NOTRE ASSOCIATION<\/h2>\n<p>Depuis sa cr\u00e9ation en 1984 au stade Max Roussi\u00e9, l\u2019ASALP \u0153uvre avec passion pour offrir aux personnes en situation de handicap mental ou psychique, un acc\u00e8s r\u00e9gulier, encadr\u00e9 et adapt\u00e9, \u00e0 la pratique d\u2019activit\u00e9s sportives. d\u2019\u00e9panouissement personnel.<\/p>\n<p>\t\t\t\t\t\t\t\t<a href=\"#L&#039;Association\"><br \/>\n\t\t\t\t\t\t\t\t\tNOTRE ASSOCIATION<br \/>\n\t\t\t\t\t<\/a><br \/>\n\t\t\t\t\t\t\t\t\t\t\t\t\t\t\t\t\t\t\t<img fetchpriority=\"high\" decoding=\"async\" width=\"1024\" height=\"768\" src=\"https:\/\/asalp1984.com\/wp-content\/uploads\/2026\/02\/IMG-20250308-WA0005-1024x768.jpg\" alt=\"\" srcset=\"https:\/\/asalp1984.com\/wp-content\/uploads\/2026\/02\/IMG-20250308-WA0005-1024x768.jpg 1024w, https:\/\/asalp1984.com\/wp-content\/uploads\/2026\/02\/IMG-20250308-WA0005-300x225.jpg 300w, https:\/\/asalp1984.com\/wp-content\/uploads\/2026\/02\/IMG-20250308-WA0005-768x576.jpg 768w, https:\/\/asalp1984.com\/wp-content\/uploads\/2026\/02\/IMG-20250308-WA0005.jpg 1428w\" sizes=\"(max-width: 1024px) 100vw, 1024px\" \/>\t\t\t\t\t\t\t\t\t\t\t\t\t\t\t\t\t\t<\/p>\n<h5>ACTIVITES SPORTIVES<\/h5>\n<h2>LES SPORTS ADAPTES<\/h2>\n<p>Notre association propose divers sports adapt\u00e9s dont le football, basketball, tennis de table, tir \u00e0 l&rsquo;arc, badminton, mais aussi athl\u00e9tisme. Nos adh\u00e9rents sont accompagn\u00e9s par des professeurs, \u00e9ducateurs et b\u00e9n\u00e9voles pour les aider et les faire progresser dans le sport.\u00a0\u00a0<\/p>\n<p>\t\t\t\t\t\t\t\t<a href=\"#Activit\u00e9s%20sportives\"><br \/>\n\t\t\t\t\t\t\t\t\tACTIVITES SPORTIVES<br \/>\n\t\t\t\t\t<\/a><br \/>\n\t\t\t\t\t\t\t\t\t\t\t\t\t\t\t\t\t\t\t<img decoding=\"async\" width=\"1024\" height=\"768\" src=\"https:\/\/asalp1984.com\/wp-content\/uploads\/2026\/02\/rencontre_30_novembre4BIS-1024x768.jpeg\" alt=\"\" srcset=\"https:\/\/asalp1984.com\/wp-content\/uploads\/2026\/02\/rencontre_30_novembre4BIS-1024x768.jpeg 1024w, https:\/\/asalp1984.com\/wp-content\/uploads\/2026\/02\/rencontre_30_novembre4BIS-300x225.jpeg 300w, https:\/\/asalp1984.com\/wp-content\/uploads\/2026\/02\/rencontre_30_novembre4BIS-768x576.jpeg 768w, https:\/\/asalp1984.com\/wp-content\/uploads\/2026\/02\/rencontre_30_novembre4BIS.jpeg 1536w\" sizes=\"(max-width: 1024px) 100vw, 1024px\" \/>\t\t\t\t\t\t\t\t\t\t\t\t\t\t\t\t\t\t<\/p>\n<h5>LOISIRS<\/h5>\n<h2>LES \u00c9V\u00c9NEMENTS<\/h2>\n<p>En plus des cours de sport, nous organisons des rencontres avec d&rsquo;autres clubs pour jouer ensemble et faire de nouvelles connaissances. Nous proposons aussi des sorties et des \u00e9v\u00e9nements pour s&rsquo;amuser en dehors du sport. Le but est de partager de bons moments et de d\u00e9couvrir de nouveaux endroits tous ensemble.<\/p>\n<p>\t\t\t\t\t\t\t\t<a href=\"#Loisirs\"><br \/>\n\t\t\t\t\t\t\t\t\tNOS EVENEMENTS ET SORTIES<br \/>\n\t\t\t\t\t<\/a><br \/>\n\t\t\t\t\t\t\t\t\t\t\t\t\t\t\t\t\t\t\t<img decoding=\"async\" width=\"1024\" height=\"768\" src=\"https:\/\/asalp1984.com\/wp-content\/uploads\/2026\/02\/IMG_20250927_154551-2-1024x768.jpg\" alt=\"\" srcset=\"https:\/\/asalp1984.com\/wp-content\/uploads\/2026\/02\/IMG_20250927_154551-2-1024x768.jpg 1024w, https:\/\/asalp1984.com\/wp-content\/uploads\/2026\/02\/IMG_20250927_154551-2-300x225.jpg 300w, https:\/\/asalp1984.com\/wp-content\/uploads\/2026\/02\/IMG_20250927_154551-2-768x576.jpg 768w, https:\/\/asalp1984.com\/wp-content\/uploads\/2026\/02\/IMG_20250927_154551-2-1536x1152.jpg 1536w, https:\/\/asalp1984.com\/wp-content\/uploads\/2026\/02\/IMG_20250927_154551-2-2048x1536.jpg 2048w\" sizes=\"(max-width: 1024px) 100vw, 1024px\" \/>\t\t\t\t\t\t\t\t\t\t\t\t\t\t\t\t\t\t<\/p>\n<h2>NOS HORAIRES<\/h2>\n<p>Retrouvez-nous tous les samedis (hors vacances), de 14h \u00e0 16h, au stade Max Roussi\u00e9 pour des activit\u00e9s sportives et conviviales adapt\u00e9es \u00e0 tous.<\/p>\n","protected":false},"excerpt":{"rendered":"<p>A PROPOS DE NOUS NOTRE ASSOCIATION Depuis sa cr\u00e9ation en 1984 au stade Max Roussi\u00e9, l\u2019ASALP \u0153uvre avec passion pour offrir aux personnes en situation de handicap mental ou psychique, un acc\u00e8s r\u00e9gulier, encadr\u00e9 et adapt\u00e9, \u00e0 la pratique d\u2019activit\u00e9s sportives. d\u2019\u00e9panouissement personnel. NOTRE ASSOCIATION ACTIVITES SPORTIVES LES SPORTS ADAPTES Notre association propose divers sports [&hellip;]<\/p>\n","protected":false},"author":1,"featured_media":0,"parent":0,"menu_order":0,"comment_status":"closed","ping_status":"closed","template":"","meta":{"_uag_custom_page_level_css":"","footnotes":""},"class_list":["post-9","page","type-page","status-publish","hentry"],"uagb_featured_image_src":{"full":false,"thumbnail":false,"medium":false,"medium_large":false,"large":false,"1536x1536":false,"2048x2048":false},"uagb_author_info":{"display_name":"association.asalp@gmail.com","author_link":"https:\/\/asalp1984.com\/?author=1"},"uagb_comment_info":0,"uagb_excerpt":"A PROPOS DE NOUS NOTRE ASSOCIATION Depuis sa cr\u00e9ation en 1984 au stade Max Roussi\u00e9, l\u2019ASALP \u0153uvre avec passion pour offrir aux personnes en situation de handicap mental ou psychique, un acc\u00e8s r\u00e9gulier, encadr\u00e9 et adapt\u00e9, \u00e0 la pratique d\u2019activit\u00e9s sportives. d\u2019\u00e9panouissement personnel. NOTRE ASSOCIATION ACTIVITES SPORTIVES LES SPORTS ADAPTES Notre association propose divers sports\u2026","_links":{"self":[{"href":"https:\/\/asalp1984.com\/index.php?rest_route=\/wp\/v2\/pages\/9","targetHints":{"allow":["GET"]}}],"collection":[{"href":"https:\/\/asalp1984.com\/index.php?rest_route=\/wp\/v2\/pages"}],"about":[{"href":"https:\/\/asalp1984.com\/index.php?rest_route=\/wp\/v2\/types\/page"}],"author":[{"embeddable":true,"href":"https:\/\/asalp1984.com\/index.php?rest_route=\/wp\/v2\/users\/1"}],"replies":[{"embeddable":true,"href":"https:\/\/asalp1984.com\/index.php?rest_route=%2Fwp%2Fv2%2Fcomments&post=9"}],"version-history":[{"count":50,"href":"https:\/\/asalp1984.com\/index.php?rest_route=\/wp\/v2\/pages\/9\/revisions"}],"predecessor-version":[{"id":2371,"href":"https:\/\/asalp1984.com\/index.php?rest_route=\/wp\/v2\/pages\/9\/revisions\/2371"}],"wp:attachment":[{"href":"https:\/\/asalp1984.com\/index.php?rest_route=%2Fwp%2Fv2%2Fmedia&parent=9"}],"curies":[{"name":"wp","href":"https:\/\/api.w.org\/{rel}","templated":true}]}}