{"id":2133,"date":"2025-02-12T15:44:56","date_gmt":"2025-02-12T15:44:56","guid":{"rendered":"https:\/\/asalp1984.com\/?page_id=2133"},"modified":"2026-02-18T22:00:55","modified_gmt":"2026-02-18T22:00:55","slug":"evenements","status":"publish","type":"page","link":"https:\/\/asalp1984.com\/?page_id=2133","title":{"rendered":"Loisirs\u00a0"},"content":{"rendered":"\t\t<div data-elementor-type=\"wp-page\" data-elementor-id=\"2133\" class=\"elementor elementor-2133\">\n\t\t\t\t<div class=\"elementor-element elementor-element-54e3a12c e-flex e-con-boxed e-con e-parent\" data-id=\"54e3a12c\" data-element_type=\"container\" data-e-type=\"container\">\n\t\t\t\t\t<div class=\"e-con-inner\">\n\t\t<div class=\"elementor-element elementor-element-7cb779d e-con-full e-flex e-con e-child\" data-id=\"7cb779d\" data-element_type=\"container\" data-e-type=\"container\" data-settings=\"{&quot;background_background&quot;:&quot;classic&quot;}\">\n\t\t\t\t<div class=\"elementor-element elementor-element-b8af0f0 elementor-widget elementor-widget-heading\" data-id=\"b8af0f0\" data-element_type=\"widget\" data-e-type=\"widget\" data-widget_type=\"heading.default\">\n\t\t\t\t\t<h2 class=\"elementor-heading-title elementor-size-default\">QUELQUES SORTIES ET \u00c9V\u00c9NEMENTS<\/h2>\t\t\t\t<\/div>\n\t\t\t\t<div class=\"elementor-element elementor-element-e15e997 elementor-widget elementor-widget-text-editor\" data-id=\"e15e997\" data-element_type=\"widget\" data-e-type=\"widget\" data-widget_type=\"text-editor.default\">\n\t\t\t\t\t\t\t\t\t<p>Vous trouverez dans cette page certaines sorties et \u00e9v\u00e8nements que nous avons pu faits au cours de l&rsquo;ann\u00e9e 2025, dont nous avons pu visiter, participer mais aussi profiter un maximum avec nos adh\u00e9rents.<\/p>\t\t\t\t\t\t\t\t<\/div>\n\t\t\t\t<\/div>\n\t\t\t\t\t<\/div>\n\t\t\t\t<\/div>\n\t\t<div class=\"elementor-element elementor-element-b98bcdd e-flex e-con-boxed e-con e-parent\" data-id=\"b98bcdd\" data-element_type=\"container\" data-e-type=\"container\">\n\t\t\t\t\t<div class=\"e-con-inner\">\n\t\t\t\t<div class=\"elementor-element elementor-element-44b57dd5 elementor-widget-divider--view-line elementor-widget elementor-widget-divider\" data-id=\"44b57dd5\" data-element_type=\"widget\" data-e-type=\"widget\" data-widget_type=\"divider.default\">\n\t\t\t\t\t\t\t<div class=\"elementor-divider\">\n\t\t\t<span class=\"elementor-divider-separator\">\n\t\t\t\t\t\t<\/span>\n\t\t<\/div>\n\t\t\t\t\t\t<\/div>\n\t\t<div class=\"elementor-element elementor-element-0e710aa e-con-full e-flex e-con e-child\" data-id=\"0e710aa\" data-element_type=\"container\" data-e-type=\"container\">\n\t\t\t\t<div class=\"elementor-element elementor-element-51d2d5a elementor-widget elementor-widget-heading\" data-id=\"51d2d5a\" data-element_type=\"widget\" data-e-type=\"widget\" data-widget_type=\"heading.default\">\n\t\t\t\t\t<h2 class=\"elementor-heading-title elementor-size-default\">NOS RENCONTRES INTERCLUBS<\/h2>\t\t\t\t<\/div>\n\t\t\t\t<\/div>\n\t\t\t\t\t<\/div>\n\t\t\t\t<\/div>\n\t\t<div class=\"elementor-element elementor-element-d1b7db4 e-grid e-con-boxed e-con e-parent\" data-id=\"d1b7db4\" data-element_type=\"container\" data-e-type=\"container\">\n\t\t\t\t\t<div class=\"e-con-inner\">\n\t\t\t\t<div class=\"elementor-element elementor-element-97a5792 elementor-position-top elementor-widget elementor-widget-image-box\" data-id=\"97a5792\" data-element_type=\"widget\" data-e-type=\"widget\" data-widget_type=\"image-box.default\">\n\t\t\t\t\t<div class=\"elementor-image-box-wrapper\"><figure class=\"elementor-image-box-img\"><img fetchpriority=\"high\" decoding=\"async\" width=\"768\" height=\"579\" src=\"https:\/\/asalp1984.com\/wp-content\/uploads\/2026\/02\/Rencontre-51-768x579.jpg\" class=\"attachment-medium_large size-medium_large wp-image-2410\" alt=\"\" srcset=\"https:\/\/asalp1984.com\/wp-content\/uploads\/2026\/02\/Rencontre-51-768x579.jpg 768w, https:\/\/asalp1984.com\/wp-content\/uploads\/2026\/02\/Rencontre-51-300x226.jpg 300w, https:\/\/asalp1984.com\/wp-content\/uploads\/2026\/02\/Rencontre-51-1024x773.jpg 1024w, https:\/\/asalp1984.com\/wp-content\/uploads\/2026\/02\/Rencontre-51.jpg 1495w\" sizes=\"(max-width: 768px) 100vw, 768px\" \/><\/figure><div class=\"elementor-image-box-content\"><p class=\"elementor-image-box-description\">Avec le foyer de Bercy et de Philanthropique<\/p><\/div><\/div>\t\t\t\t<\/div>\n\t\t\t\t<div class=\"elementor-element elementor-element-eae2b05 elementor-position-top elementor-widget elementor-widget-image-box\" data-id=\"eae2b05\" data-element_type=\"widget\" data-e-type=\"widget\" data-widget_type=\"image-box.default\">\n\t\t\t\t\t<div class=\"elementor-image-box-wrapper\"><figure class=\"elementor-image-box-img\"><img decoding=\"async\" width=\"768\" height=\"576\" src=\"https:\/\/asalp1984.com\/wp-content\/uploads\/2026\/02\/photo_de_groupe_basketball-1-768x576.jpg\" class=\"attachment-medium_large size-medium_large wp-image-2384\" alt=\"\" srcset=\"https:\/\/asalp1984.com\/wp-content\/uploads\/2026\/02\/photo_de_groupe_basketball-1-768x576.jpg 768w, https:\/\/asalp1984.com\/wp-content\/uploads\/2026\/02\/photo_de_groupe_basketball-1-300x225.jpg 300w, https:\/\/asalp1984.com\/wp-content\/uploads\/2026\/02\/photo_de_groupe_basketball-1-1024x768.jpg 1024w, https:\/\/asalp1984.com\/wp-content\/uploads\/2026\/02\/photo_de_groupe_basketball-1.jpg 1428w\" sizes=\"(max-width: 768px) 100vw, 768px\" \/><\/figure><div class=\"elementor-image-box-content\"><p class=\"elementor-image-box-description\">Avec l'APAJH de St Ouen<\/p><\/div><\/div>\t\t\t\t<\/div>\n\t\t\t\t<div class=\"elementor-element elementor-element-82d9d78 elementor-position-top elementor-widget elementor-widget-image-box\" data-id=\"82d9d78\" data-element_type=\"widget\" data-e-type=\"widget\" data-widget_type=\"image-box.default\">\n\t\t\t\t\t<div class=\"elementor-image-box-wrapper\"><figure class=\"elementor-image-box-img\"><img decoding=\"async\" width=\"768\" height=\"579\" src=\"https:\/\/asalp1984.com\/wp-content\/uploads\/2026\/02\/image_24_mai_20251-768x579.jpg\" class=\"attachment-medium_large size-medium_large wp-image-2411\" alt=\"\" srcset=\"https:\/\/asalp1984.com\/wp-content\/uploads\/2026\/02\/image_24_mai_20251-768x579.jpg 768w, https:\/\/asalp1984.com\/wp-content\/uploads\/2026\/02\/image_24_mai_20251-300x226.jpg 300w, https:\/\/asalp1984.com\/wp-content\/uploads\/2026\/02\/image_24_mai_20251-1024x772.jpg 1024w, https:\/\/asalp1984.com\/wp-content\/uploads\/2026\/02\/image_24_mai_20251-1536x1158.jpg 1536w, https:\/\/asalp1984.com\/wp-content\/uploads\/2026\/02\/image_24_mai_20251-2048x1544.jpg 2048w\" sizes=\"(max-width: 768px) 100vw, 768px\" \/><\/figure><div class=\"elementor-image-box-content\"><p class=\"elementor-image-box-description\">Avec l'association CAPSAA<\/p><\/div><\/div>\t\t\t\t<\/div>\n\t\t\t\t<div class=\"elementor-element elementor-element-b097bb6 elementor-position-top elementor-widget elementor-widget-image-box\" data-id=\"b097bb6\" data-element_type=\"widget\" data-e-type=\"widget\" data-widget_type=\"image-box.default\">\n\t\t\t\t\t<div class=\"elementor-image-box-wrapper\"><figure class=\"elementor-image-box-img\"><img loading=\"lazy\" decoding=\"async\" width=\"768\" height=\"573\" src=\"https:\/\/asalp1984.com\/wp-content\/uploads\/2026\/02\/Interclub_22_novembre_251-768x573.jpg\" class=\"attachment-medium_large size-medium_large wp-image-2412\" alt=\"\" srcset=\"https:\/\/asalp1984.com\/wp-content\/uploads\/2026\/02\/Interclub_22_novembre_251-768x573.jpg 768w, https:\/\/asalp1984.com\/wp-content\/uploads\/2026\/02\/Interclub_22_novembre_251-300x224.jpg 300w, https:\/\/asalp1984.com\/wp-content\/uploads\/2026\/02\/Interclub_22_novembre_251-1024x763.jpg 1024w, https:\/\/asalp1984.com\/wp-content\/uploads\/2026\/02\/Interclub_22_novembre_251.jpg 1462w\" sizes=\"(max-width: 768px) 100vw, 768px\" \/><\/figure><div class=\"elementor-image-box-content\"><p class=\"elementor-image-box-description\">Avec l'AS17<\/p><\/div><\/div>\t\t\t\t<\/div>\n\t\t\t\t\t<\/div>\n\t\t\t\t<\/div>\n\t\t<div class=\"elementor-element elementor-element-4de3cf4 e-flex e-con-boxed e-con e-parent\" data-id=\"4de3cf4\" data-element_type=\"container\" data-e-type=\"container\">\n\t\t\t\t\t<div class=\"e-con-inner\">\n\t\t\t\t<div class=\"elementor-element elementor-element-15ffe54 elementor-widget-divider--view-line elementor-widget elementor-widget-divider\" data-id=\"15ffe54\" data-element_type=\"widget\" data-e-type=\"widget\" data-widget_type=\"divider.default\">\n\t\t\t\t\t\t\t<div class=\"elementor-divider\">\n\t\t\t<span class=\"elementor-divider-separator\">\n\t\t\t\t\t\t<\/span>\n\t\t<\/div>\n\t\t\t\t\t\t<\/div>\n\t\t\t\t<div class=\"elementor-element elementor-element-d94842b elementor-widget elementor-widget-heading\" data-id=\"d94842b\" data-element_type=\"widget\" data-e-type=\"widget\" data-widget_type=\"heading.default\">\n\t\t\t\t\t<h2 class=\"elementor-heading-title elementor-size-default\">LOISIRS ET SORTIES <\/h2>\t\t\t\t<\/div>\n\t\t\t\t\t<\/div>\n\t\t\t\t<\/div>\n\t\t<div class=\"elementor-element elementor-element-9de9db2 e-grid e-con-boxed e-con e-parent\" data-id=\"9de9db2\" data-element_type=\"container\" data-e-type=\"container\">\n\t\t\t\t\t<div class=\"e-con-inner\">\n\t\t\t\t<div class=\"elementor-element elementor-element-2d6cc1f elementor-position-top elementor-widget elementor-widget-image-box\" data-id=\"2d6cc1f\" data-element_type=\"widget\" data-e-type=\"widget\" data-widget_type=\"image-box.default\">\n\t\t\t\t\t<div class=\"elementor-image-box-wrapper\"><figure class=\"elementor-image-box-img\"><img loading=\"lazy\" decoding=\"async\" width=\"768\" height=\"575\" src=\"https:\/\/asalp1984.com\/wp-content\/uploads\/2026\/02\/image_theatre_tempete1-768x575.jpg\" class=\"attachment-medium_large size-medium_large wp-image-2413\" alt=\"\" srcset=\"https:\/\/asalp1984.com\/wp-content\/uploads\/2026\/02\/image_theatre_tempete1-768x575.jpg 768w, https:\/\/asalp1984.com\/wp-content\/uploads\/2026\/02\/image_theatre_tempete1-300x225.jpg 300w, https:\/\/asalp1984.com\/wp-content\/uploads\/2026\/02\/image_theatre_tempete1-1024x767.jpg 1024w, https:\/\/asalp1984.com\/wp-content\/uploads\/2026\/02\/image_theatre_tempete1-1536x1150.jpg 1536w, https:\/\/asalp1984.com\/wp-content\/uploads\/2026\/02\/image_theatre_tempete1-2048x1534.jpg 2048w\" sizes=\"(max-width: 768px) 100vw, 768px\" \/><\/figure><div class=\"elementor-image-box-content\"><p class=\"elementor-image-box-description\">Au th\u00e9\u00e2tre de la temp\u00eate <\/p><\/div><\/div>\t\t\t\t<\/div>\n\t\t\t\t<div class=\"elementor-element elementor-element-09d0e13 elementor-position-top elementor-widget elementor-widget-image-box\" data-id=\"09d0e13\" data-element_type=\"widget\" data-e-type=\"widget\" data-widget_type=\"image-box.default\">\n\t\t\t\t\t<div class=\"elementor-image-box-wrapper\"><figure class=\"elementor-image-box-img\"><img loading=\"lazy\" decoding=\"async\" width=\"768\" height=\"578\" src=\"https:\/\/asalp1984.com\/wp-content\/uploads\/2026\/02\/Image_tour_eiffel1-768x578.jpg\" class=\"attachment-medium_large size-medium_large wp-image-2415\" alt=\"\" srcset=\"https:\/\/asalp1984.com\/wp-content\/uploads\/2026\/02\/Image_tour_eiffel1-768x578.jpg 768w, https:\/\/asalp1984.com\/wp-content\/uploads\/2026\/02\/Image_tour_eiffel1-300x226.jpg 300w, https:\/\/asalp1984.com\/wp-content\/uploads\/2026\/02\/Image_tour_eiffel1-1024x770.jpg 1024w, https:\/\/asalp1984.com\/wp-content\/uploads\/2026\/02\/Image_tour_eiffel1-1536x1155.jpg 1536w, https:\/\/asalp1984.com\/wp-content\/uploads\/2026\/02\/Image_tour_eiffel1-2048x1541.jpg 2048w\" sizes=\"(max-width: 768px) 100vw, 768px\" \/><\/figure><div class=\"elementor-image-box-content\"><p class=\"elementor-image-box-description\">A la Tour-Eiffel<\/p><\/div><\/div>\t\t\t\t<\/div>\n\t\t\t\t<div class=\"elementor-element elementor-element-e782785 elementor-position-top elementor-widget elementor-widget-image-box\" data-id=\"e782785\" data-element_type=\"widget\" data-e-type=\"widget\" data-widget_type=\"image-box.default\">\n\t\t\t\t\t<div class=\"elementor-image-box-wrapper\"><figure class=\"elementor-image-box-img\"><img loading=\"lazy\" decoding=\"async\" width=\"768\" height=\"573\" src=\"https:\/\/asalp1984.com\/wp-content\/uploads\/2026\/02\/4-juillet-2025-1-768x573.jpg\" class=\"attachment-medium_large size-medium_large wp-image-2416\" alt=\"\" srcset=\"https:\/\/asalp1984.com\/wp-content\/uploads\/2026\/02\/4-juillet-2025-1-768x573.jpg 768w, https:\/\/asalp1984.com\/wp-content\/uploads\/2026\/02\/4-juillet-2025-1-300x224.jpg 300w, https:\/\/asalp1984.com\/wp-content\/uploads\/2026\/02\/4-juillet-2025-1-1024x764.jpg 1024w, https:\/\/asalp1984.com\/wp-content\/uploads\/2026\/02\/4-juillet-2025-1.jpg 1511w\" sizes=\"(max-width: 768px) 100vw, 768px\" \/><\/figure><div class=\"elementor-image-box-content\"><p class=\"elementor-image-box-description\">A Paris plage (bal arrang\u00e9)<\/p><\/div><\/div>\t\t\t\t<\/div>\n\t\t\t\t\t<\/div>\n\t\t\t\t<\/div>\n\t\t\t\t<\/div>\n\t\t","protected":false},"excerpt":{"rendered":"<p>QUELQUES SORTIES ET \u00c9V\u00c9NEMENTS Vous trouverez dans cette page certaines sorties et \u00e9v\u00e8nements que nous avons pu faits au cours de l&rsquo;ann\u00e9e 2025, dont nous avons pu visiter, participer mais aussi profiter un maximum avec nos adh\u00e9rents. NOS RENCONTRES INTERCLUBS Avec le foyer de Bercy et de Philanthropique Avec l&rsquo;APAJH de St Ouen Avec l&rsquo;association [&hellip;]<\/p>\n","protected":false},"author":1,"featured_media":0,"parent":0,"menu_order":0,"comment_status":"closed","ping_status":"closed","template":"","meta":{"_uag_custom_page_level_css":"","footnotes":""},"class_list":["post-2133","page","type-page","status-publish","hentry"],"uagb_featured_image_src":{"full":false,"thumbnail":false,"medium":false,"medium_large":false,"large":false,"1536x1536":false,"2048x2048":false},"uagb_author_info":{"display_name":"association.asalp@gmail.com","author_link":"https:\/\/asalp1984.com\/?author=1"},"uagb_comment_info":0,"uagb_excerpt":"QUELQUES SORTIES ET \u00c9V\u00c9NEMENTS Vous trouverez dans cette page certaines sorties et \u00e9v\u00e8nements que nous avons pu faits au cours de l&rsquo;ann\u00e9e 2025, dont nous avons pu visiter, participer mais aussi profiter un maximum avec nos adh\u00e9rents. NOS RENCONTRES INTERCLUBS Avec le foyer de Bercy et de Philanthropique Avec l&rsquo;APAJH de St Ouen Avec l&rsquo;association\u2026","_links":{"self":[{"href":"https:\/\/asalp1984.com\/index.php?rest_route=\/wp\/v2\/pages\/2133","targetHints":{"allow":["GET"]}}],"collection":[{"href":"https:\/\/asalp1984.com\/index.php?rest_route=\/wp\/v2\/pages"}],"about":[{"href":"https:\/\/asalp1984.com\/index.php?rest_route=\/wp\/v2\/types\/page"}],"author":[{"embeddable":true,"href":"https:\/\/asalp1984.com\/index.php?rest_route=\/wp\/v2\/users\/1"}],"replies":[{"embeddable":true,"href":"https:\/\/asalp1984.com\/index.php?rest_route=%2Fwp%2Fv2%2Fcomments&post=2133"}],"version-history":[{"count":12,"href":"https:\/\/asalp1984.com\/index.php?rest_route=\/wp\/v2\/pages\/2133\/revisions"}],"predecessor-version":[{"id":2419,"href":"https:\/\/asalp1984.com\/index.php?rest_route=\/wp\/v2\/pages\/2133\/revisions\/2419"}],"wp:attachment":[{"href":"https:\/\/asalp1984.com\/index.php?rest_route=%2Fwp%2Fv2%2Fmedia&parent=2133"}],"curies":[{"name":"wp","href":"https:\/\/api.w.org\/{rel}","templated":true}]}}