{"id":12,"date":"2025-02-06T15:19:24","date_gmt":"2025-02-06T15:19:24","guid":{"rendered":"https:\/\/asalp1984.com\/services\/"},"modified":"2026-02-18T20:44:20","modified_gmt":"2026-02-18T20:44:20","slug":"activites-sportives","status":"publish","type":"page","link":"https:\/\/asalp1984.com\/?page_id=12","title":{"rendered":"Activit\u00e9s sportives"},"content":{"rendered":"\t\t<div data-elementor-type=\"wp-page\" data-elementor-id=\"12\" class=\"elementor elementor-12\">\n\t\t\t\t<div class=\"elementor-element elementor-element-2d69e7 e-flex e-con-boxed e-con e-parent\" data-id=\"2d69e7\" data-element_type=\"container\" data-e-type=\"container\">\n\t\t\t\t\t<div class=\"e-con-inner\">\n\t\t\t\t<div class=\"elementor-element elementor-element-10753f3 elementor-widget-divider--view-line elementor-widget elementor-widget-divider\" data-id=\"10753f3\" data-element_type=\"widget\" data-e-type=\"widget\" data-widget_type=\"divider.default\">\n\t\t\t\t\t\t\t<div class=\"elementor-divider\">\n\t\t\t<span class=\"elementor-divider-separator\">\n\t\t\t\t\t\t<\/span>\n\t\t<\/div>\n\t\t\t\t\t\t<\/div>\n\t\t\t\t\t<\/div>\n\t\t\t\t<\/div>\n\t\t<div class=\"elementor-element elementor-element-55f4eb40 e-flex e-con-boxed e-con e-parent\" data-id=\"55f4eb40\" data-element_type=\"container\" data-e-type=\"container\">\n\t\t\t\t\t<div class=\"e-con-inner\">\n\t\t\t\t<div class=\"elementor-element elementor-element-4d5eb0e6 elementor-position-right elementor-position-top elementor-vertical-align-top elementor-widget elementor-widget-image-box\" data-id=\"4d5eb0e6\" data-element_type=\"widget\" data-e-type=\"widget\" data-widget_type=\"image-box.default\">\n\t\t\t\t\t<div class=\"elementor-image-box-wrapper\"><figure class=\"elementor-image-box-img\"><img fetchpriority=\"high\" decoding=\"async\" width=\"768\" height=\"576\" src=\"https:\/\/asalp1984.com\/wp-content\/uploads\/2026\/02\/IMG-20240214-WA0012-1-768x576.jpg\" class=\"attachment-medium_large size-medium_large wp-image-2338\" alt=\"\" srcset=\"https:\/\/asalp1984.com\/wp-content\/uploads\/2026\/02\/IMG-20240214-WA0012-1-768x576.jpg 768w, https:\/\/asalp1984.com\/wp-content\/uploads\/2026\/02\/IMG-20240214-WA0012-1-300x225.jpg 300w, https:\/\/asalp1984.com\/wp-content\/uploads\/2026\/02\/IMG-20240214-WA0012-1.jpg 1006w\" sizes=\"(max-width: 768px) 100vw, 768px\" \/><\/figure><div class=\"elementor-image-box-content\"><h3 class=\"elementor-image-box-title\">BADMINTON<\/h3><p class=\"elementor-image-box-description\">Le badminton est l\u2019une de nos activit\u00e9s phares, offrant aux membres une occasion de d\u00e9velopper leurs comp\u00e9tences motrices tout en s\u2019amusant. Nos sessions sont adapt\u00e9es aux diff\u00e9rents niveaux, garantissant que chacun trouve sa place dans un environnement bienveillant et inclusif, favorisant le jeu collectif et l\u2019esprit d\u2019\u00e9quipe.<\/p><\/div><\/div>\t\t\t\t<\/div>\n\t\t\t\t<div class=\"elementor-element elementor-element-339128ea elementor-widget-divider--view-line elementor-widget elementor-widget-divider\" data-id=\"339128ea\" data-element_type=\"widget\" data-e-type=\"widget\" data-widget_type=\"divider.default\">\n\t\t\t\t\t\t\t<div class=\"elementor-divider\">\n\t\t\t<span class=\"elementor-divider-separator\">\n\t\t\t\t\t\t<\/span>\n\t\t<\/div>\n\t\t\t\t\t\t<\/div>\n\t\t\t\t<div class=\"elementor-element elementor-element-5ff69c9 elementor-position-left elementor-position-left elementor-position-top elementor-vertical-align-top elementor-widget elementor-widget-image-box\" data-id=\"5ff69c9\" data-element_type=\"widget\" data-e-type=\"widget\" data-widget_type=\"image-box.default\">\n\t\t\t\t\t<div class=\"elementor-image-box-wrapper\"><figure class=\"elementor-image-box-img\"><img decoding=\"async\" width=\"768\" height=\"508\" src=\"https:\/\/asalp1984.com\/wp-content\/uploads\/2026\/02\/IMG-20240427-WA0001-768x508.jpg\" class=\"attachment-medium_large size-medium_large wp-image-2337\" alt=\"\" srcset=\"https:\/\/asalp1984.com\/wp-content\/uploads\/2026\/02\/IMG-20240427-WA0001-768x508.jpg 768w, https:\/\/asalp1984.com\/wp-content\/uploads\/2026\/02\/IMG-20240427-WA0001-300x198.jpg 300w, https:\/\/asalp1984.com\/wp-content\/uploads\/2026\/02\/IMG-20240427-WA0001-1024x677.jpg 1024w, https:\/\/asalp1984.com\/wp-content\/uploads\/2026\/02\/IMG-20240427-WA0001.jpg 1200w\" sizes=\"(max-width: 768px) 100vw, 768px\" \/><\/figure><div class=\"elementor-image-box-content\"><h3 class=\"elementor-image-box-title\">TENNIS DE TABLE<\/h3><p class=\"elementor-image-box-description\">Le tennis de table est une activit\u00e9 id\u00e9ale pour d\u00e9velopper la coordination, la r\u00e9activit\u00e9 et la concentration. Accessible \u00e0 tous, il permet aux participants d\u2019am\u00e9liorer leur motricit\u00e9 fine tout en s\u2019amusant. Ces s\u00e9ances offrent \u00e9galement un moment de partage et d\u2019inclusion, favorisant les \u00e9changes dans une ambiance dynamique et conviviale.<\/p><\/div><\/div>\t\t\t\t<\/div>\n\t\t\t\t<div class=\"elementor-element elementor-element-609842e3 elementor-widget-divider--view-line elementor-widget elementor-widget-divider\" data-id=\"609842e3\" data-element_type=\"widget\" data-e-type=\"widget\" data-widget_type=\"divider.default\">\n\t\t\t\t\t\t\t<div class=\"elementor-divider\">\n\t\t\t<span class=\"elementor-divider-separator\">\n\t\t\t\t\t\t<\/span>\n\t\t<\/div>\n\t\t\t\t\t\t<\/div>\n\t\t\t\t<div class=\"elementor-element elementor-element-33d022c7 elementor-position-right elementor-position-top elementor-vertical-align-top elementor-widget elementor-widget-image-box\" data-id=\"33d022c7\" data-element_type=\"widget\" data-e-type=\"widget\" data-widget_type=\"image-box.default\">\n\t\t\t\t\t<div class=\"elementor-image-box-wrapper\"><figure class=\"elementor-image-box-img\"><img decoding=\"async\" src=\"https:\/\/asalp1984.com\/wp-content\/plugins\/elementor\/assets\/images\/placeholder.png\" title=\"\" alt=\"\" loading=\"lazy\" \/><\/figure><div class=\"elementor-image-box-content\"><h3 class=\"elementor-image-box-title\">FOOTBALL<\/h3><p class=\"elementor-image-box-description\">Notre programme de football vise \u00e0 encourager la pratique sportive tout en stimulant la confiance en soi et l\u2019esprit de camaraderie. Les s\u00e9ances sont con\u00e7ues pour \u00eatre \u00e0 la fois ludiques et formatrices, permettant aux membres de se d\u00e9passer et de nouer des liens avec les autres participants au sein d\u2019une atmosph\u00e8re chaleureuse.<\/p><\/div><\/div>\t\t\t\t<\/div>\n\t\t\t\t<div class=\"elementor-element elementor-element-21037917 elementor-widget-divider--view-line elementor-widget elementor-widget-divider\" data-id=\"21037917\" data-element_type=\"widget\" data-e-type=\"widget\" data-widget_type=\"divider.default\">\n\t\t\t\t\t\t\t<div class=\"elementor-divider\">\n\t\t\t<span class=\"elementor-divider-separator\">\n\t\t\t\t\t\t<\/span>\n\t\t<\/div>\n\t\t\t\t\t\t<\/div>\n\t\t\t\t<div class=\"elementor-element elementor-element-7bcab66b elementor-position-left elementor-position-left elementor-position-top elementor-vertical-align-top elementor-widget elementor-widget-image-box\" data-id=\"7bcab66b\" data-element_type=\"widget\" data-e-type=\"widget\" data-widget_type=\"image-box.default\">\n\t\t\t\t\t<div class=\"elementor-image-box-wrapper\"><figure class=\"elementor-image-box-img\"><img decoding=\"async\" width=\"768\" height=\"577\" src=\"https:\/\/asalp1984.com\/wp-content\/uploads\/2026\/02\/IMG-20240907-WA0005-2-768x577.jpg\" class=\"attachment-medium_large size-medium_large wp-image-2339\" alt=\"\" srcset=\"https:\/\/asalp1984.com\/wp-content\/uploads\/2026\/02\/IMG-20240907-WA0005-2-768x577.jpg 768w, https:\/\/asalp1984.com\/wp-content\/uploads\/2026\/02\/IMG-20240907-WA0005-2-300x226.jpg 300w, https:\/\/asalp1984.com\/wp-content\/uploads\/2026\/02\/IMG-20240907-WA0005-2-1024x770.jpg 1024w, https:\/\/asalp1984.com\/wp-content\/uploads\/2026\/02\/IMG-20240907-WA0005-2.jpg 1027w\" sizes=\"(max-width: 768px) 100vw, 768px\" \/><\/figure><div class=\"elementor-image-box-content\"><h3 class=\"elementor-image-box-title\">basketball<\/h3><p class=\"elementor-image-box-description\">Le basketball est une autre discipline que nous proposons, permettant aux membres d\u2019am\u00e9liorer leur coordination et leur agilit\u00e9. Nos entra\u00eenements sont adapt\u00e9s pour r\u00e9pondre aux besoins sp\u00e9cifiques de chacun, tout en d\u00e9veloppant des valeurs d\u2019entraide et de solidarit\u00e9, essentielles \u00e0 la vie en communaut\u00e9 et au sein de notre association.<\/p><\/div><\/div>\t\t\t\t<\/div>\n\t\t\t\t<div class=\"elementor-element elementor-element-2acefb2a elementor-widget-divider--view-line elementor-widget elementor-widget-divider\" data-id=\"2acefb2a\" data-element_type=\"widget\" data-e-type=\"widget\" data-widget_type=\"divider.default\">\n\t\t\t\t\t\t\t<div class=\"elementor-divider\">\n\t\t\t<span class=\"elementor-divider-separator\">\n\t\t\t\t\t\t<\/span>\n\t\t<\/div>\n\t\t\t\t\t\t<\/div>\n\t\t\t\t\t<\/div>\n\t\t\t\t<\/div>\n\t\t<div class=\"elementor-element elementor-element-4f29fcba e-flex e-con-boxed e-con e-parent\" data-id=\"4f29fcba\" data-element_type=\"container\" data-e-type=\"container\">\n\t\t\t\t\t<div class=\"e-con-inner\">\n\t\t\t\t<div class=\"elementor-element elementor-element-60ca24ee elementor-position-right elementor-position-top elementor-vertical-align-middle elementor-widget elementor-widget-image-box\" data-id=\"60ca24ee\" data-element_type=\"widget\" data-e-type=\"widget\" data-widget_type=\"image-box.default\">\n\t\t\t\t\t<div class=\"elementor-image-box-wrapper\"><figure class=\"elementor-image-box-img\"><img decoding=\"async\" src=\"https:\/\/asalp1984.com\/wp-content\/plugins\/elementor\/assets\/images\/placeholder.png\" title=\"\" alt=\"\" loading=\"lazy\" \/><\/figure><div class=\"elementor-image-box-content\"><h3 class=\"elementor-image-box-title\">Athl\u00e9tisme<\/h3><p class=\"elementor-image-box-description\">En plus de l\u2019athl\u00e9tisme, nous organisons des s\u00e9ances de course et de course relais qui favorisent l\u2019expression personnelle et la cr\u00e9ativit\u00e9 des membres. Ces moments sont l\u2019occasion de se d\u00e9passer, d\u2019apprendre \u00e0 g\u00e9rer son rythme et de d\u00e9velopper l\u2019esprit d\u2019\u00e9quipe dans une ambiance dynamique et conviviale. La pratique de la course permet non seulement d\u2019am\u00e9liorer l\u2019endurance et la coordination, mais aussi de renforcer l\u2019inclusion et le bien-\u00eatre de chacun.<\/p><\/div><\/div>\t\t\t\t<\/div>\n\t\t\t\t<div class=\"elementor-element elementor-element-499b964e elementor-widget-divider--view-line elementor-widget elementor-widget-divider\" data-id=\"499b964e\" data-element_type=\"widget\" data-e-type=\"widget\" data-widget_type=\"divider.default\">\n\t\t\t\t\t\t\t<div class=\"elementor-divider\">\n\t\t\t<span class=\"elementor-divider-separator\">\n\t\t\t\t\t\t<\/span>\n\t\t<\/div>\n\t\t\t\t\t\t<\/div>\n\t\t\t\t<div class=\"elementor-element elementor-element-aece3a4 elementor-position-left elementor-position-left elementor-position-top elementor-vertical-align-top elementor-widget elementor-widget-image-box\" data-id=\"aece3a4\" data-element_type=\"widget\" data-e-type=\"widget\" data-widget_type=\"image-box.default\">\n\t\t\t\t\t<div class=\"elementor-image-box-wrapper\"><figure class=\"elementor-image-box-img\"><img loading=\"lazy\" decoding=\"async\" width=\"768\" height=\"579\" src=\"https:\/\/asalp1984.com\/wp-content\/uploads\/2026\/02\/IMG-20250926-WA0002-1-768x579.jpg\" class=\"attachment-medium_large size-medium_large wp-image-2340\" alt=\"\" srcset=\"https:\/\/asalp1984.com\/wp-content\/uploads\/2026\/02\/IMG-20250926-WA0002-1-768x579.jpg 768w, https:\/\/asalp1984.com\/wp-content\/uploads\/2026\/02\/IMG-20250926-WA0002-1-300x226.jpg 300w, https:\/\/asalp1984.com\/wp-content\/uploads\/2026\/02\/IMG-20250926-WA0002-1-1024x772.jpg 1024w, https:\/\/asalp1984.com\/wp-content\/uploads\/2026\/02\/IMG-20250926-WA0002-1.jpg 1285w\" sizes=\"(max-width: 768px) 100vw, 768px\" \/><\/figure><div class=\"elementor-image-box-content\"><h3 class=\"elementor-image-box-title\">TIR A L'ARC<\/h3><p class=\"elementor-image-box-description\">Le tir \u00e0 l\u2019arc adapt\u00e9 offre une opportunit\u00e9 unique de d\u00e9velopper la concentration, la pr\u00e9cision et la confiance en soi. Lors de ces s\u00e9ances, les participants apprennent \u00e0 ma\u00eetriser leurs gestes, \u00e0 cultiver la patience et \u00e0 profiter d\u2019une activit\u00e9 accessible \u00e0 tous dans une ambiance bienveillante. Cette pratique contribue ainsi \u00e0 l\u2019inclusion et au bien-\u00eatre de chacun, tout en offrant un d\u00e9fi ludique et stimulant.<\/p><\/div><\/div>\t\t\t\t<\/div>\n\t\t\t\t<div class=\"elementor-element elementor-element-2ab484b elementor-widget-divider--view-line elementor-widget elementor-widget-divider\" data-id=\"2ab484b\" data-element_type=\"widget\" data-e-type=\"widget\" data-widget_type=\"divider.default\">\n\t\t\t\t\t\t\t<div class=\"elementor-divider\">\n\t\t\t<span class=\"elementor-divider-separator\">\n\t\t\t\t\t\t<\/span>\n\t\t<\/div>\n\t\t\t\t\t\t<\/div>\n\t\t\t\t\t<\/div>\n\t\t\t\t<\/div>\n\t\t\t\t<\/div>\n\t\t","protected":false},"excerpt":{"rendered":"<p>BADMINTON Le badminton est l\u2019une de nos activit\u00e9s phares, offrant aux membres une occasion de d\u00e9velopper leurs comp\u00e9tences motrices tout en s\u2019amusant. Nos sessions sont adapt\u00e9es aux diff\u00e9rents niveaux, garantissant que chacun trouve sa place dans un environnement bienveillant et inclusif, favorisant le jeu collectif et l\u2019esprit d\u2019\u00e9quipe. TENNIS DE TABLE Le tennis de table [&hellip;]<\/p>\n","protected":false},"author":1,"featured_media":0,"parent":0,"menu_order":0,"comment_status":"closed","ping_status":"closed","template":"","meta":{"_uag_custom_page_level_css":"","footnotes":""},"class_list":["post-12","page","type-page","status-publish","hentry"],"uagb_featured_image_src":{"full":false,"thumbnail":false,"medium":false,"medium_large":false,"large":false,"1536x1536":false,"2048x2048":false},"uagb_author_info":{"display_name":"association.asalp@gmail.com","author_link":"https:\/\/asalp1984.com\/?author=1"},"uagb_comment_info":0,"uagb_excerpt":"BADMINTON Le badminton est l\u2019une de nos activit\u00e9s phares, offrant aux membres une occasion de d\u00e9velopper leurs comp\u00e9tences motrices tout en s\u2019amusant. Nos sessions sont adapt\u00e9es aux diff\u00e9rents niveaux, garantissant que chacun trouve sa place dans un environnement bienveillant et inclusif, favorisant le jeu collectif et l\u2019esprit d\u2019\u00e9quipe. TENNIS DE TABLE Le tennis de table\u2026","_links":{"self":[{"href":"https:\/\/asalp1984.com\/index.php?rest_route=\/wp\/v2\/pages\/12","targetHints":{"allow":["GET"]}}],"collection":[{"href":"https:\/\/asalp1984.com\/index.php?rest_route=\/wp\/v2\/pages"}],"about":[{"href":"https:\/\/asalp1984.com\/index.php?rest_route=\/wp\/v2\/types\/page"}],"author":[{"embeddable":true,"href":"https:\/\/asalp1984.com\/index.php?rest_route=\/wp\/v2\/users\/1"}],"replies":[{"embeddable":true,"href":"https:\/\/asalp1984.com\/index.php?rest_route=%2Fwp%2Fv2%2Fcomments&post=12"}],"version-history":[{"count":25,"href":"https:\/\/asalp1984.com\/index.php?rest_route=\/wp\/v2\/pages\/12\/revisions"}],"predecessor-version":[{"id":2405,"href":"https:\/\/asalp1984.com\/index.php?rest_route=\/wp\/v2\/pages\/12\/revisions\/2405"}],"wp:attachment":[{"href":"https:\/\/asalp1984.com\/index.php?rest_route=%2Fwp%2Fv2%2Fmedia&parent=12"}],"curies":[{"name":"wp","href":"https:\/\/api.w.org\/{rel}","templated":true}]}}