{"id":11,"date":"2025-02-06T15:19:24","date_gmt":"2025-02-06T15:19:24","guid":{"rendered":"https:\/\/asalp1984.com\/about\/"},"modified":"2026-02-16T14:26:18","modified_gmt":"2026-02-16T14:26:18","slug":"a-propos","status":"publish","type":"page","link":"https:\/\/asalp1984.com\/?page_id=11","title":{"rendered":"L&rsquo;Association"},"content":{"rendered":"\t\t<div data-elementor-type=\"wp-page\" data-elementor-id=\"11\" class=\"elementor elementor-11\">\n\t\t\t\t<div class=\"elementor-element elementor-element-5bcf52a0 e-flex e-con-boxed e-con e-parent\" data-id=\"5bcf52a0\" data-element_type=\"container\" data-e-type=\"container\">\n\t\t\t\t\t<div class=\"e-con-inner\">\n\t\t\t\t<div class=\"elementor-element elementor-element-43242f24 elementor-widget-divider--view-line elementor-widget elementor-widget-divider\" data-id=\"43242f24\" data-element_type=\"widget\" data-e-type=\"widget\" data-widget_type=\"divider.default\">\n\t\t\t\t\t\t\t<div class=\"elementor-divider\">\n\t\t\t<span class=\"elementor-divider-separator\">\n\t\t\t\t\t\t<\/span>\n\t\t<\/div>\n\t\t\t\t\t\t<\/div>\n\t\t\t\t\t<\/div>\n\t\t\t\t<\/div>\n\t\t<div class=\"elementor-element elementor-element-15b2c06d e-flex e-con-boxed e-con e-parent\" data-id=\"15b2c06d\" data-element_type=\"container\" data-e-type=\"container\">\n\t\t\t\t\t<div class=\"e-con-inner\">\n\t\t\t\t<div class=\"elementor-element elementor-element-32d36887 elementor-position-left elementor-position-left elementor-vertical-align-middle elementor-vertical-align-top elementor-widget elementor-widget-image-box\" data-id=\"32d36887\" data-element_type=\"widget\" data-e-type=\"widget\" data-widget_type=\"image-box.default\">\n\t\t\t\t\t<div class=\"elementor-image-box-wrapper\"><figure class=\"elementor-image-box-img\"><img fetchpriority=\"high\" decoding=\"async\" width=\"768\" height=\"576\" src=\"https:\/\/asalp1984.com\/wp-content\/uploads\/2026\/01\/rencontre_30_novembre9-768x576.jpeg\" class=\"attachment-medium_large size-medium_large wp-image-2229\" alt=\"\" srcset=\"https:\/\/asalp1984.com\/wp-content\/uploads\/2026\/01\/rencontre_30_novembre9-768x576.jpeg 768w, https:\/\/asalp1984.com\/wp-content\/uploads\/2026\/01\/rencontre_30_novembre9-300x225.jpeg 300w, https:\/\/asalp1984.com\/wp-content\/uploads\/2026\/01\/rencontre_30_novembre9-1024x768.jpeg 1024w, https:\/\/asalp1984.com\/wp-content\/uploads\/2026\/01\/rencontre_30_novembre9-1536x1152.jpeg 1536w, https:\/\/asalp1984.com\/wp-content\/uploads\/2026\/01\/rencontre_30_novembre9.jpeg 2048w\" sizes=\"(max-width: 768px) 100vw, 768px\" \/><\/figure><div class=\"elementor-image-box-content\"><h3 class=\"elementor-image-box-title\">NOTRE HISTOIRE<\/h3><p class=\"elementor-image-box-description\">Depuis sa cr\u00e9ation en 1984, ASALP a \u00e9volu\u00e9 pour devenir une r\u00e9f\u00e9rence en mati\u00e8re d\u2019activit\u00e9s sportives adapt\u00e9es. Gr\u00e2ce \u00e0 un engagement sans faille et \u00e0 des b\u00e9n\u00e9voles d\u00e9vou\u00e9s, nous avons su cr\u00e9er un espace auquel chaque membre peut se sentir valoris\u00e9 et c\u00e9l\u00e9br\u00e9 pour ses r\u00e9ussites.<\/p><\/div><\/div>\t\t\t\t<\/div>\n\t\t\t\t\t<\/div>\n\t\t\t\t<\/div>\n\t\t<div class=\"elementor-element elementor-element-1b76ebeb e-flex e-con-boxed e-con e-parent\" data-id=\"1b76ebeb\" data-element_type=\"container\" data-e-type=\"container\">\n\t\t\t\t\t<div class=\"e-con-inner\">\n\t\t\t\t<div class=\"elementor-element elementor-element-20d48545 elementor-widget-divider--view-line elementor-widget elementor-widget-divider\" data-id=\"20d48545\" data-element_type=\"widget\" data-e-type=\"widget\" data-widget_type=\"divider.default\">\n\t\t\t\t\t\t\t<div class=\"elementor-divider\">\n\t\t\t<span class=\"elementor-divider-separator\">\n\t\t\t\t\t\t<\/span>\n\t\t<\/div>\n\t\t\t\t\t\t<\/div>\n\t\t\t\t\t<\/div>\n\t\t\t\t<\/div>\n\t\t<div class=\"elementor-element elementor-element-27743d91 e-flex e-con-boxed e-con e-parent\" data-id=\"27743d91\" data-element_type=\"container\" data-e-type=\"container\" data-settings=\"{&quot;background_background&quot;:&quot;classic&quot;}\">\n\t\t\t\t\t<div class=\"e-con-inner\">\n\t\t<div class=\"elementor-element elementor-element-3f5ca747 e-con-full e-flex e-con e-child\" data-id=\"3f5ca747\" data-element_type=\"container\" data-e-type=\"container\">\n\t\t\t\t<div class=\"elementor-element elementor-element-400c8fe1 elementor-widget elementor-widget-heading\" data-id=\"400c8fe1\" data-element_type=\"widget\" data-e-type=\"widget\" data-widget_type=\"heading.default\">\n\t\t\t\t\t<h3 class=\"elementor-heading-title elementor-size-default\">NOTRE MISSION<\/h3>\t\t\t\t<\/div>\n\t\t\t\t<div class=\"elementor-element elementor-element-1cf2febd elementor-widget elementor-widget-text-editor\" data-id=\"1cf2febd\" data-element_type=\"widget\" data-e-type=\"widget\" data-widget_type=\"text-editor.default\">\n\t\t\t\t\t\t\t\t\t<p>L\u2019ASALP s\u2019engage aupr\u00e8s des personnes en situation de handicap mentales et psychiques. Notre priorit\u00e9 est de favoriser le d\u00e9veloppement social et moteur de chacun \u00e0 travers des activit\u00e9s sportives et de loisirs rigoureusement adapt\u00e9es.<\/p>\t\t\t\t\t\t\t\t<\/div>\n\t\t\t\t<\/div>\n\t\t<div class=\"elementor-element elementor-element-61f8607d e-con-full e-flex e-con e-child\" data-id=\"61f8607d\" data-element_type=\"container\" data-e-type=\"container\">\n\t\t\t\t<div class=\"elementor-element elementor-element-647bd07f elementor-widget elementor-widget-heading\" data-id=\"647bd07f\" data-element_type=\"widget\" data-e-type=\"widget\" data-widget_type=\"heading.default\">\n\t\t\t\t\t<h3 class=\"elementor-heading-title elementor-size-default\">NOTRE \u00c9QUIPE<\/h3>\t\t\t\t<\/div>\n\t\t\t\t<div class=\"elementor-element elementor-element-16213bd2 elementor-widget elementor-widget-text-editor\" data-id=\"16213bd2\" data-element_type=\"widget\" data-e-type=\"widget\" data-widget_type=\"text-editor.default\">\n\t\t\t\t\t\t\t\t\t<p data-path-to-node=\"11\">Pour assurer la s\u00e9curit\u00e9 et la qualit\u00e9 de nos activit\u00e9s, l&rsquo;ASALP s&rsquo;appuie sur des professionnels du secteur m\u00e9dico-social :<\/p><ul data-path-to-node=\"12\"><li><p data-path-to-node=\"12,0,0\"><b data-path-to-node=\"12,0,0\" data-index-in-node=\"0\">Des enseignants STAPS :<\/b> Sp\u00e9cialistes de l&rsquo;activit\u00e9 physique adapt\u00e9e.<\/p><\/li><li><p data-path-to-node=\"12,1,0\"><b data-path-to-node=\"12,1,0\" data-index-in-node=\"0\">Des \u00e9ducateurs sp\u00e9cialis\u00e9s :<\/b> Experts dans l&rsquo;accompagnement humain et social.<\/p><\/li><\/ul>\t\t\t\t\t\t\t\t<\/div>\n\t\t\t\t<\/div>\n\t\t\t\t\t<\/div>\n\t\t\t\t<\/div>\n\t\t<div class=\"elementor-element elementor-element-1bbbbbb1 e-flex e-con-boxed e-con e-parent\" data-id=\"1bbbbbb1\" data-element_type=\"container\" data-e-type=\"container\">\n\t\t\t\t\t<div class=\"e-con-inner\">\n\t\t\t\t<div class=\"elementor-element elementor-element-6290820c elementor-widget-divider--view-line elementor-widget elementor-widget-divider\" data-id=\"6290820c\" data-element_type=\"widget\" data-e-type=\"widget\" data-widget_type=\"divider.default\">\n\t\t\t\t\t\t\t<div class=\"elementor-divider\">\n\t\t\t<span class=\"elementor-divider-separator\">\n\t\t\t\t\t\t<\/span>\n\t\t<\/div>\n\t\t\t\t\t\t<\/div>\n\t\t\t\t\t<\/div>\n\t\t\t\t<\/div>\n\t\t\t\t<\/div>\n\t\t","protected":false},"excerpt":{"rendered":"<p>NOTRE HISTOIRE Depuis sa cr\u00e9ation en 1984, ASALP a \u00e9volu\u00e9 pour devenir une r\u00e9f\u00e9rence en mati\u00e8re d\u2019activit\u00e9s sportives adapt\u00e9es. Gr\u00e2ce \u00e0 un engagement sans faille et \u00e0 des b\u00e9n\u00e9voles d\u00e9vou\u00e9s, nous avons su cr\u00e9er un espace auquel chaque membre peut se sentir valoris\u00e9 et c\u00e9l\u00e9br\u00e9 pour ses r\u00e9ussites. NOTRE MISSION L\u2019ASALP s\u2019engage aupr\u00e8s des personnes [&hellip;]<\/p>\n","protected":false},"author":1,"featured_media":0,"parent":0,"menu_order":0,"comment_status":"closed","ping_status":"closed","template":"","meta":{"_uag_custom_page_level_css":"","footnotes":""},"class_list":["post-11","page","type-page","status-publish","hentry"],"uagb_featured_image_src":{"full":false,"thumbnail":false,"medium":false,"medium_large":false,"large":false,"1536x1536":false,"2048x2048":false},"uagb_author_info":{"display_name":"association.asalp@gmail.com","author_link":"https:\/\/asalp1984.com\/?author=1"},"uagb_comment_info":0,"uagb_excerpt":"NOTRE HISTOIRE Depuis sa cr\u00e9ation en 1984, ASALP a \u00e9volu\u00e9 pour devenir une r\u00e9f\u00e9rence en mati\u00e8re d\u2019activit\u00e9s sportives adapt\u00e9es. Gr\u00e2ce \u00e0 un engagement sans faille et \u00e0 des b\u00e9n\u00e9voles d\u00e9vou\u00e9s, nous avons su cr\u00e9er un espace auquel chaque membre peut se sentir valoris\u00e9 et c\u00e9l\u00e9br\u00e9 pour ses r\u00e9ussites. NOTRE MISSION L\u2019ASALP s\u2019engage aupr\u00e8s des personnes\u2026","_links":{"self":[{"href":"https:\/\/asalp1984.com\/index.php?rest_route=\/wp\/v2\/pages\/11","targetHints":{"allow":["GET"]}}],"collection":[{"href":"https:\/\/asalp1984.com\/index.php?rest_route=\/wp\/v2\/pages"}],"about":[{"href":"https:\/\/asalp1984.com\/index.php?rest_route=\/wp\/v2\/types\/page"}],"author":[{"embeddable":true,"href":"https:\/\/asalp1984.com\/index.php?rest_route=\/wp\/v2\/users\/1"}],"replies":[{"embeddable":true,"href":"https:\/\/asalp1984.com\/index.php?rest_route=%2Fwp%2Fv2%2Fcomments&post=11"}],"version-history":[{"count":24,"href":"https:\/\/asalp1984.com\/index.php?rest_route=\/wp\/v2\/pages\/11\/revisions"}],"predecessor-version":[{"id":2333,"href":"https:\/\/asalp1984.com\/index.php?rest_route=\/wp\/v2\/pages\/11\/revisions\/2333"}],"wp:attachment":[{"href":"https:\/\/asalp1984.com\/index.php?rest_route=%2Fwp%2Fv2%2Fmedia&parent=11"}],"curies":[{"name":"wp","href":"https:\/\/api.w.org\/{rel}","templated":true}]}}